{"id":11,"date":"2016-01-30T14:22:46","date_gmt":"2016-01-30T14:22:46","guid":{"rendered":"https:\/\/elbordon.aisgan.org\/?page_id=11"},"modified":"2019-01-28T21:18:32","modified_gmt":"2019-01-28T21:18:32","slug":"nos-definimos","status":"publish","type":"page","link":"https:\/\/elbordon.aisgan.org\/?page_id=11","title":{"rendered":"Nos definimos"},"content":{"rendered":"<p style=\"text-align: justify;\"><strong><a href=\"https:\/\/elbordon.aisgan.org\/wp-content\/uploads\/2016\/01\/Logo1.jpg\"><img loading=\"lazy\" decoding=\"async\" class=\"alignleft  wp-image-41\" src=\"https:\/\/elbordon.aisgan.org\/wp-content\/uploads\/2016\/01\/Logo1.jpg\" alt=\"\" width=\"155\" height=\"201\" \/><\/a>En ASA El Bord\u00f3n de C\u00f3rdoba<\/strong> nos definimos como una Asociaci\u00f3n:<\/p>\n<p style=\"text-align: justify;\"><strong>SCOUT Y GUIA<\/strong> en su forma de ser y actuar, compuesta por hombres y mujeres dispuestos a trasladar a la sociedad su actitud de servicio y a trabajar por transformar la sociedad en que vivimos, aplicando un c\u00f3digo de conducta extra\u00eddo del cumplimiento de la Ley y Promesa del Movimiento Scout y Gu\u00eda Mundial, constituyendo esto el Escultismo y Guidismo para adultos.<br \/>\n<strong>PLURAL Y ABIERTA<\/strong> a todos los adultos sin distinci\u00f3n de raza, g\u00e9nero, nacionalidad o credo.<br \/>\n<strong>DEMOCR\u00c1TICA<\/strong> en sus principios, en sus valores y en sus pr\u00e1cticas y estructuras.<br \/>\nDe car\u00e1cter <strong>VOLUNTARIO<\/strong> en su compromiso y pertenencia.<br \/>\n<strong>INDEPENDIENTE.<\/strong> Tan solo sujeta a las directrices de la organizaci\u00f3n internacional a la que est\u00e1 afiliada (ISGF-AISG) y a los tratados de colaboraci\u00f3n que pudieran determinarse.<br \/>\n<strong>ACONFESIONAL<\/strong> respetando cualquier manifestaci\u00f3n religiosa, espiritual o creencia de \u00edndole personal, siempre que no entre en conflicto con la \u00e9tica scout y gu\u00eda.<br \/>\n<strong>DEFENSORA DE LA VIDA Y COMPROMETIDA CON LA DEFENSA DE LOS DERECHOS HUMANOS<\/strong>, especialmente cuando se trata de los m\u00e1s indefensos y vulnerables.<br \/>\n<strong>RESPETUOSA Y CONSERVACIONISTA CON EL MEDIO AMBIENTE,<\/strong> desde el convencimiento de que una actitud proactiva en su defensa nos ayudar\u00e1 a mejorar el mundo.<br \/>\n<strong>TOLERANTE Y RESPETUOSA<\/strong> con los dem\u00e1s.<br \/>\n<strong>COMPROMETIDA Y SOLIDARIA<\/strong> especialmente con los m\u00e1s desfavorecidos y\/o en riesgo de exclusi\u00f3n social, o en las tareas de apoyo y\/o auxilio de las v\u00edctimas de cualquier cat\u00e1strofe humanitaria dentro o fuera de nuestras fronteras<\/p>\n","protected":false},"excerpt":{"rendered":"<p>En ASA El Bord\u00f3n de C\u00f3rdoba nos definimos como una Asociaci\u00f3n: SCOUT Y GUIA en su forma de ser y actuar, compuesta por hombres y mujeres dispuestos a trasladar a la sociedad su actitud de servicio y a trabajar por transformar la sociedad en que vivimos, aplicando un c\u00f3digo de&#8230; <a class=\"continue-reading-link\" href=\"https:\/\/elbordon.aisgan.org\/?page_id=11\">Leer m\u00e1s<\/a><\/p>\n","protected":false},"author":3,"featured_media":0,"parent":0,"menu_order":0,"comment_status":"closed","ping_status":"closed","template":"","meta":{"ngg_post_thumbnail":0,"footnotes":""},"class_list":["post-11","page","type-page","status-publish","hentry"],"_links":{"self":[{"href":"https:\/\/elbordon.aisgan.org\/index.php?rest_route=\/wp\/v2\/pages\/11","targetHints":{"allow":["GET"]}}],"collection":[{"href":"https:\/\/elbordon.aisgan.org\/index.php?rest_route=\/wp\/v2\/pages"}],"about":[{"href":"https:\/\/elbordon.aisgan.org\/index.php?rest_route=\/wp\/v2\/types\/page"}],"author":[{"embeddable":true,"href":"https:\/\/elbordon.aisgan.org\/index.php?rest_route=\/wp\/v2\/users\/3"}],"replies":[{"embeddable":true,"href":"https:\/\/elbordon.aisgan.org\/index.php?rest_route=%2Fwp%2Fv2%2Fcomments&post=11"}],"version-history":[{"count":3,"href":"https:\/\/elbordon.aisgan.org\/index.php?rest_route=\/wp\/v2\/pages\/11\/revisions"}],"predecessor-version":[{"id":121,"href":"https:\/\/elbordon.aisgan.org\/index.php?rest_route=\/wp\/v2\/pages\/11\/revisions\/121"}],"wp:attachment":[{"href":"https:\/\/elbordon.aisgan.org\/index.php?rest_route=%2Fwp%2Fv2%2Fmedia&parent=11"}],"curies":[{"name":"wp","href":"https:\/\/api.w.org\/{rel}","templated":true}]}}