{"id":15,"date":"2016-01-30T14:30:03","date_gmt":"2016-01-30T14:30:03","guid":{"rendered":"https:\/\/elbordon.aisgan.org\/?page_id=15"},"modified":"2019-01-28T21:20:58","modified_gmt":"2019-01-28T21:20:58","slug":"compromiso-asociativo","status":"publish","type":"page","link":"https:\/\/elbordon.aisgan.org\/?page_id=15","title":{"rendered":"Compromiso Federativo"},"content":{"rendered":"<h3 style=\"text-align: center;\">Preambulo y Introducci\u00f3n del Compromiso Federativo<\/h3>\n<p><a href=\"https:\/\/elbordon.aisgan.org\/wp-content\/uploads\/2019\/01\/AISG2-300x294.jpg\"><img loading=\"lazy\" decoding=\"async\" class=\"alignleft wp-image-123 size-thumbnail\" src=\"https:\/\/elbordon.aisgan.org\/wp-content\/uploads\/2019\/01\/AISG2-300x294-150x150.jpg\" alt=\"\" width=\"150\" height=\"150\" \/><\/a>Compromiso Federativo AISG Espa\u00f1a[\/caption]<\/p>\n<p style=\"text-align: justify;\">I.-Pre\u00e1mbulo<br \/>\nReunida la Asamblea de la Amistad Internacional Scout y Gu\u00eda-Espa\u00f1a (AISG-Espa\u00f1a), a propuesta de la I Conferencia Federal celebrada en Granada los d\u00edas 6 al 7 de diciembre de 2013, en la ciudad de Madrid, en la fecha de 30 de mar-zo de 2014, acuerda la aprobaci\u00f3n del presente \u201cCompromiso Federativo de AISG-Espa\u00f1a 2014\u201d.<br \/>\nPor tanto, todos los asociados de las diferentes Asociaciones federadas se com-prometen a llevarlo a cabo, siendo el deber de las Asociaciones que componen nuestra Federaci\u00f3n, asumir \u00edntegramente este documento, velando que sus miembros pongan en pr\u00e1ctica lo que en \u00e9l se expone.<\/p>\n<p style=\"text-align: justify;\">II.- Introducci\u00f3n<br \/>\nEl Compromiso Federativo de AISG-Espa\u00f1a responde a los siguientes objetivos:<br \/>\n1. Concretar la filosof\u00eda de la Federaci\u00f3n y detallar el marco de actuaci\u00f3n de sus asociados y Asociaciones federadas.<br \/>\n2. Exponer, en un documento abierto dirigido a los asociados, Asociaciones fe-deradas y sociedad en general, cual es nuestra propuesta de actuaci\u00f3n.<br \/>\nEl Compromiso Federativo de AISG-Espa\u00f1a responde a la necesidad de imple-mentar las l\u00edneas marcadas en los estatutos de ISGF\/AISG y en los estatutos de AISG-Espa\u00f1a.<br \/>\nPor ello, los contenidos enunciados en este Compromiso no pueden ni deben contradecir en modo alguno a los documentos citados anteriormente, sino que por el contrario, asume en su totalidad las l\u00edneas de actuaci\u00f3n enunciadas en ellos.<br \/>\nPor \u00faltimo, AISG-Espa\u00f1a manifiesta que este Compromiso debe revisarse peri\u00f3dicamente para irse adaptando a los cambios que vayan surgiendo, tanto en nuestras Asociaciones Federadas como en la sociedad donde se enmarca nuestra federaci\u00f3n.<\/p>\n","protected":false},"excerpt":{"rendered":"<p>Preambulo y Introducci\u00f3n del Compromiso Federativo Compromiso Federativo AISG Espa\u00f1a[\/caption] I.-Pre\u00e1mbulo Reunida la Asamblea de la Amistad Internacional Scout y Gu\u00eda-Espa\u00f1a (AISG-Espa\u00f1a), a propuesta de la I Conferencia Federal celebrada en Granada los d\u00edas 6 al 7 de diciembre de 2013, en la ciudad de Madrid, en la fecha de&#8230; <a class=\"continue-reading-link\" href=\"https:\/\/elbordon.aisgan.org\/?page_id=15\">Leer m\u00e1s<\/a><\/p>\n","protected":false},"author":3,"featured_media":0,"parent":0,"menu_order":0,"comment_status":"closed","ping_status":"closed","template":"","meta":{"ngg_post_thumbnail":0,"footnotes":""},"class_list":["post-15","page","type-page","status-publish","hentry"],"_links":{"self":[{"href":"https:\/\/elbordon.aisgan.org\/index.php?rest_route=\/wp\/v2\/pages\/15","targetHints":{"allow":["GET"]}}],"collection":[{"href":"https:\/\/elbordon.aisgan.org\/index.php?rest_route=\/wp\/v2\/pages"}],"about":[{"href":"https:\/\/elbordon.aisgan.org\/index.php?rest_route=\/wp\/v2\/types\/page"}],"author":[{"embeddable":true,"href":"https:\/\/elbordon.aisgan.org\/index.php?rest_route=\/wp\/v2\/users\/3"}],"replies":[{"embeddable":true,"href":"https:\/\/elbordon.aisgan.org\/index.php?rest_route=%2Fwp%2Fv2%2Fcomments&post=15"}],"version-history":[{"count":4,"href":"https:\/\/elbordon.aisgan.org\/index.php?rest_route=\/wp\/v2\/pages\/15\/revisions"}],"predecessor-version":[{"id":124,"href":"https:\/\/elbordon.aisgan.org\/index.php?rest_route=\/wp\/v2\/pages\/15\/revisions\/124"}],"wp:attachment":[{"href":"https:\/\/elbordon.aisgan.org\/index.php?rest_route=%2Fwp%2Fv2%2Fmedia&parent=15"}],"curies":[{"name":"wp","href":"https:\/\/api.w.org\/{rel}","templated":true}]}}