{"id":21,"date":"2016-01-30T14:32:57","date_gmt":"2016-01-30T14:32:57","guid":{"rendered":"https:\/\/elbordon.aisgan.org\/?page_id=21"},"modified":"2018-12-28T00:04:15","modified_gmt":"2018-12-28T00:04:15","slug":"con-la-sociedad","status":"publish","type":"page","link":"https:\/\/elbordon.aisgan.org\/?page_id=21","title":{"rendered":"Con la Sociedad"},"content":{"rendered":"<p style=\"text-align: justify;\"><a href=\"https:\/\/elbordon.aisgan.org\/wp-content\/uploads\/2018\/12\/Con-la-sociedad.jpg\"><img loading=\"lazy\" decoding=\"async\" class=\"alignleft wp-image-83 size-thumbnail\" src=\"https:\/\/elbordon.aisgan.org\/wp-content\/uploads\/2018\/12\/Con-la-sociedad-150x150.jpg\" alt=\"\" width=\"150\" height=\"150\" \/><\/a>Lo manifestamos con la elaboraci\u00f3n de Proyectos de servicio a la sociedad o mediante la adhesi\u00f3n a otros ya existentes que sean coherentes con el ideario scout y gu\u00eda, en alguno de los siguiente \u00e1mbitos.<\/p>\n<p style=\"text-align: justify;\">\u2022 El fomento del respeto a la vida y los derechos humanos.<br \/>\n\u2022 EL trabajo por la justicia y la paz a fin de crear un mundo mejor.<br \/>\n\u2022 La contribuci\u00f3n a la comprensi\u00f3n internacional e interracial, especialmente a trav\u00e9s de la amistad, la tolerancia y el respeto por los dem\u00e1s.<br \/>\n\u2022 La cooperaci\u00f3n en la lucha contra el hambre.<br \/>\n\u2022 La contribuci\u00f3n a la eliminaci\u00f3n de los riesgos de exclusi\u00f3n social<\/p>\n","protected":false},"excerpt":{"rendered":"<p>Lo manifestamos con la elaboraci\u00f3n de Proyectos de servicio a la sociedad o mediante la adhesi\u00f3n a otros ya existentes que sean coherentes con el ideario scout y gu\u00eda, en alguno de los siguiente \u00e1mbitos. \u2022 El fomento del respeto a la vida y los derechos humanos. \u2022 EL trabajo&#8230; <a class=\"continue-reading-link\" href=\"https:\/\/elbordon.aisgan.org\/?page_id=21\">Leer m\u00e1s<\/a><\/p>\n","protected":false},"author":3,"featured_media":0,"parent":15,"menu_order":0,"comment_status":"closed","ping_status":"closed","template":"","meta":{"ngg_post_thumbnail":0,"footnotes":""},"class_list":["post-21","page","type-page","status-publish","hentry"],"_links":{"self":[{"href":"https:\/\/elbordon.aisgan.org\/index.php?rest_route=\/wp\/v2\/pages\/21","targetHints":{"allow":["GET"]}}],"collection":[{"href":"https:\/\/elbordon.aisgan.org\/index.php?rest_route=\/wp\/v2\/pages"}],"about":[{"href":"https:\/\/elbordon.aisgan.org\/index.php?rest_route=\/wp\/v2\/types\/page"}],"author":[{"embeddable":true,"href":"https:\/\/elbordon.aisgan.org\/index.php?rest_route=\/wp\/v2\/users\/3"}],"replies":[{"embeddable":true,"href":"https:\/\/elbordon.aisgan.org\/index.php?rest_route=%2Fwp%2Fv2%2Fcomments&post=21"}],"version-history":[{"count":4,"href":"https:\/\/elbordon.aisgan.org\/index.php?rest_route=\/wp\/v2\/pages\/21\/revisions"}],"predecessor-version":[{"id":89,"href":"https:\/\/elbordon.aisgan.org\/index.php?rest_route=\/wp\/v2\/pages\/21\/revisions\/89"}],"up":[{"embeddable":true,"href":"https:\/\/elbordon.aisgan.org\/index.php?rest_route=\/wp\/v2\/pages\/15"}],"wp:attachment":[{"href":"https:\/\/elbordon.aisgan.org\/index.php?rest_route=%2Fwp%2Fv2%2Fmedia&parent=21"}],"curies":[{"name":"wp","href":"https:\/\/api.w.org\/{rel}","templated":true}]}}